{"id":15,"date":"2022-02-12T14:53:09","date_gmt":"2022-02-12T14:53:09","guid":{"rendered":"https:\/\/cifmargroup.edu.pe\/?page_id=15"},"modified":"2022-02-12T18:48:21","modified_gmt":"2022-02-12T18:48:21","slug":"politica-de-datos-personales","status":"publish","type":"page","link":"https:\/\/cifmargroup.edu.pe\/en\/politica-de-datos-personales\/","title":{"rendered":"Personal data policy"},"content":{"rendered":"<div data-elementor-type=\"wp-page\" data-elementor-id=\"15\" class=\"elementor elementor-15\" data-elementor-post-type=\"page\">\n\t\t\t\t\t\t<section class=\"elementor-section elementor-top-section elementor-element elementor-element-2b2781e elementor-section-boxed elementor-section-height-default elementor-section-height-default\" data-id=\"2b2781e\" data-element_type=\"section\" data-settings=\"{&quot;background_background&quot;:&quot;classic&quot;}\">\n\t\t\t\t\t\t<div class=\"elementor-container elementor-column-gap-default\">\n\t\t\t\t\t<div class=\"elementor-column elementor-col-100 elementor-top-column elementor-element elementor-element-dab2f3c\" data-id=\"dab2f3c\" data-element_type=\"column\" data-settings=\"{&quot;background_background&quot;:&quot;classic&quot;}\">\n\t\t\t<div class=\"elementor-widget-wrap elementor-element-populated\">\n\t\t\t\t\t\t<div class=\"elementor-element elementor-element-1b50694 elementor-widget elementor-widget-heading\" data-id=\"1b50694\" data-element_type=\"widget\" data-widget_type=\"heading.default\">\n\t\t\t\t<div class=\"elementor-widget-container\">\n\t\t\t\t\t<h1 class=\"elementor-heading-title elementor-size-default\">Personal data policy<\/h1>\t\t\t\t<\/div>\n\t\t\t\t<\/div>\n\t\t\t\t<div class=\"elementor-element elementor-element-9fd6ec5 elementor-widget elementor-widget-text-editor\" data-id=\"9fd6ec5\" data-element_type=\"widget\" data-widget_type=\"text-editor.default\">\n\t\t\t\t<div class=\"elementor-widget-container\">\n\t\t\t\t\t\t\t\t\t<p>In compliance with the Personal Data Protection Law No. 29733, <strong>Maritime Research and Training Center Group SAC<\/strong> with RUC <strong>20602569790<\/strong>, (onwards <strong>Cifmar Group SAC<\/strong>), informs you of the privacy and personal data management policy, in which at all times it will seek to ensure that their treatment is legitimate, controlled and informed, in order to guarantee their privacy.<\/p><p>Said policy is applicable to all the information entered through OUR website https:\/\/cifmargroup.edu.pe\/ or forms that belong to the mentioned website (hereinafter all will be called as a whole, the &quot; Website&quot;).<\/p><p>Through the use of the Website, the user grants their informed, prior, free, express and indefinite consent and expressly authorizes <strong>Cifmar Group SAC<\/strong> to collect, record, organize, store, preserve, process, modify, extract, consult, use, block, delete, communicate by transfer or dissemination or any other form of processing that facilitates access, correlation or interconnection of your personal data, as well as its incorporation into databases managed or owned by <strong>Cifmar Group SAC<\/strong>, and in general to make use and process the personal data that you provide, as well as the information derived from its use and any public information or that could be collected from publicly accessible sources.<\/p><p>The user of the Website gives his consent to transfer, nationally or internationally, personal data to third parties, whether or not they are linked to <strong>Cifmar Group SAC<\/strong> in order to be able to host, store, process and execute the User Information. In accordance with current regulations, it is understood that by clicking on the bar \u201csend\u201d, \u201ccontract\u201d, \u201csubscribe\u201d, \u201caccept\u201d, \u201crequest\u201d and\/or any other similar definition, as well as only with the act of providing us with your data or browsing the Website, the owner of the data has expressed his consent in the terms indicated above.<\/p><p>The user understands that the aforementioned consent and authorization are essential for <strong>Cifmar Group SAC<\/strong> can provide the service offered, so in case you express your refusal, <strong>Cifmar Group SAC<\/strong> may exclude it from its database or remove its registration or database, in order not to affect the normal development of its activities.<\/p><p>The data registered on the Website will be subject to automated processing and incorporated into our databases where <strong>Cifmar Group SAC<\/strong> will be owner and responsible. All data collected will be used by <strong>Cifmar Group SAC<\/strong> in advisory activities, e-newsletters, promotion of services and\/or other activities promoted by <strong>Cifmar Group SAC<\/strong>.<\/p><p>Likewise, the User&#039;s Information may be transferred or shared with third party companies not related to <strong>Cifmar Group SAC<\/strong> in order to <strong>Cifmar Group SAC<\/strong> can contact and offer the User any information regarding legal services.<\/p><p>Users may request, rectify, cancel and update their information, they guarantee and are responsible for the veracity and authenticity of the information provided.<\/p><ul><li>If you wish to delete your account, you can contact us by email at <strong>administracion@cifmargroup.edu.pe<\/strong>.<\/li><li>If you have any questions or additional queries, please contact the following email <strong>administracion@cifmargroup.edu.pe<\/strong>.<\/li><\/ul>\t\t\t\t\t\t\t\t<\/div>\n\t\t\t\t<\/div>\n\t\t\t\t<div class=\"elementor-element elementor-element-82a3bce elementor-align-right elementor-mobile-align-right elementor-widget elementor-widget-button\" data-id=\"82a3bce\" data-element_type=\"widget\" data-widget_type=\"button.default\">\n\t\t\t\t<div class=\"elementor-widget-container\">\n\t\t\t\t\t\t\t\t\t<div class=\"elementor-button-wrapper\">\n\t\t\t\t\t<a class=\"elementor-button elementor-button-link elementor-size-md\" href=\"https:\/\/cifmargroup.edu.pe\/en\">\n\t\t\t\t\t\t<span class=\"elementor-button-content-wrapper\">\n\t\t\t\t\t\t<span class=\"elementor-button-icon\">\n\t\t\t\t<i aria-hidden=\"true\" class=\"fas fa-arrow-left\"><\/i>\t\t\t<\/span>\n\t\t\t\t\t\t\t\t\t<span class=\"elementor-button-text\">Homepage<\/span>\n\t\t\t\t\t<\/span>\n\t\t\t\t\t<\/a>\n\t\t\t\t<\/div>\n\t\t\t\t\t\t\t\t<\/div>\n\t\t\t\t<\/div>\n\t\t\t\t\t<\/div>\n\t\t<\/div>\n\t\t\t\t\t<\/div>\n\t\t<\/section>\n\t\t\t\t<\/div>","protected":false},"excerpt":{"rendered":"<p>En cumplimiento con la Ley de Protecci\u00f3n de Datos Personales N\u00b0 29733, con RUC , (en adelante ), hace de su conocimiento la pol\u00edtica de privacidad y manejo de datos personales, en la que en todo momento buscar\u00e1 que el tratamiento de los mismos sea leg\u00edtimo, controlado e informado, a efecto de garantizar la privacidad [&hellip;]<\/p>","protected":false},"author":10,"featured_media":0,"parent":0,"menu_order":0,"comment_status":"closed","ping_status":"closed","template":"elementor_header_footer","meta":{"footnotes":""},"class_list":["post-15","page","type-page","status-publish","hentry"],"_links":{"self":[{"href":"https:\/\/cifmargroup.edu.pe\/en\/wp-json\/wp\/v2\/pages\/15","targetHints":{"allow":["GET"]}}],"collection":[{"href":"https:\/\/cifmargroup.edu.pe\/en\/wp-json\/wp\/v2\/pages"}],"about":[{"href":"https:\/\/cifmargroup.edu.pe\/en\/wp-json\/wp\/v2\/types\/page"}],"author":[{"embeddable":true,"href":"https:\/\/cifmargroup.edu.pe\/en\/wp-json\/wp\/v2\/users\/10"}],"replies":[{"embeddable":true,"href":"https:\/\/cifmargroup.edu.pe\/en\/wp-json\/wp\/v2\/comments?post=15"}],"version-history":[{"count":0,"href":"https:\/\/cifmargroup.edu.pe\/en\/wp-json\/wp\/v2\/pages\/15\/revisions"}],"wp:attachment":[{"href":"https:\/\/cifmargroup.edu.pe\/en\/wp-json\/wp\/v2\/media?parent=15"}],"curies":[{"name":"wp","href":"https:\/\/api.w.org\/{rel}","templated":true}]}}