{"id":1824,"date":"2022-06-07T19:36:57","date_gmt":"2022-06-08T00:36:57","guid":{"rendered":"https:\/\/cifmargroup.edu.pe\/?page_id=1824"},"modified":"2022-06-07T19:49:11","modified_gmt":"2022-06-08T00:49:11","slug":"simulador-de-navegacion","status":"publish","type":"page","link":"https:\/\/cifmargroup.edu.pe\/en\/simulador-de-navegacion\/","title":{"rendered":"Simulador de navegaci\u00f3n"},"content":{"rendered":"<div data-elementor-type=\"wp-page\" data-elementor-id=\"1824\" class=\"elementor elementor-1824\" data-elementor-post-type=\"page\">\n\t\t\t\t\t\t<section class=\"elementor-section elementor-top-section elementor-element elementor-element-93eed2b elementor-section-boxed elementor-section-height-default elementor-section-height-default\" data-id=\"93eed2b\" data-element_type=\"section\" data-settings=\"{&quot;background_background&quot;:&quot;classic&quot;}\">\n\t\t\t\t\t\t\t<div class=\"elementor-background-overlay\"><\/div>\n\t\t\t\t\t\t\t<div class=\"elementor-container elementor-column-gap-default\">\n\t\t\t\t\t<div class=\"elementor-column elementor-col-100 elementor-top-column elementor-element elementor-element-5897653\" data-id=\"5897653\" data-element_type=\"column\" data-settings=\"{&quot;background_background&quot;:&quot;classic&quot;}\">\n\t\t\t<div class=\"elementor-widget-wrap elementor-element-populated\">\n\t\t\t\t\t\t<div class=\"elementor-element elementor-element-ae34027 elementor-widget elementor-widget-heading\" data-id=\"ae34027\" data-element_type=\"widget\" data-widget_type=\"heading.default\">\n\t\t\t\t<div class=\"elementor-widget-container\">\n\t\t\t\t\t<p class=\"elementor-heading-title elementor-size-default\">NAVIGATION SIMULATOR<\/p>\t\t\t\t<\/div>\n\t\t\t\t<\/div>\n\t\t\t\t<div class=\"elementor-element elementor-element-a5329bf elementor-widget elementor-widget-image\" data-id=\"a5329bf\" data-element_type=\"widget\" data-widget_type=\"image.default\">\n\t\t\t\t<div class=\"elementor-widget-container\">\n\t\t\t\t\t\t\t\t\t\t\t\t\t\t\t<img fetchpriority=\"high\" decoding=\"async\" width=\"1432\" height=\"778\" src=\"https:\/\/cifmargroup.edu.pe\/wp-content\/uploads\/2022\/06\/simuladore.jpg\" class=\"attachment-full size-full wp-image-1629\" alt=\"\" srcset=\"https:\/\/cifmargroup.edu.pe\/wp-content\/uploads\/2022\/06\/simuladore.jpg 1432w, https:\/\/cifmargroup.edu.pe\/wp-content\/uploads\/2022\/06\/simuladore-300x163.jpg 300w, https:\/\/cifmargroup.edu.pe\/wp-content\/uploads\/2022\/06\/simuladore-1024x556.jpg 1024w, https:\/\/cifmargroup.edu.pe\/wp-content\/uploads\/2022\/06\/simuladore-768x417.jpg 768w, https:\/\/cifmargroup.edu.pe\/wp-content\/uploads\/2022\/06\/simuladore-18x10.jpg 18w, https:\/\/cifmargroup.edu.pe\/wp-content\/uploads\/2022\/06\/simuladore-600x326.jpg 600w\" sizes=\"(max-width: 1432px) 100vw, 1432px\" \/>\t\t\t\t\t\t\t\t\t\t\t\t\t\t\t<\/div>\n\t\t\t\t<\/div>\n\t\t\t\t<div class=\"elementor-element elementor-element-12ed596 elementor-widget elementor-widget-text-editor\" data-id=\"12ed596\" data-element_type=\"widget\" data-widget_type=\"text-editor.default\">\n\t\t\t\t<div class=\"elementor-widget-container\">\n\t\t\t\t\t\t\t\t\t<p>The CIFMAR simulator consists of a complete real navigation bridge, with high Dutch technology, which includes the consoles and controls found on the bridge of a modern ship, including the steering system (manual and automatic), the telegraphs of machines, transverse thrusters (Bowthruster \u2013 Sternthruster), and azimuth controls for port and offshore tugboats; all with NFU control systems, anchor control for anchoring maneuvers, gyrocompass repeater, including binoculars for visualization of mooring and unmooring maneuvers in docks.<\/p><p>The NAUTIS CIFMAR simulator is certified by the Norwegian classification agency DNV-GL as &quot;Integrated Simulator System, Tug, Fishing mode, HSC&quot;, Full Mission Class &quot;A&quot;. The system simulates navigation maneuvers, mooring\/unmooring to docks, mooring and unmooring to MONOBOYA and Multibuoys, ship-to-ship maneuvers, navigation in the main traffic devices in the world, use of ropes and tugboats, all types of failures and events, navigation in restricted waters in different visibility conditions (day and night) with different weather conditions.<\/p><p>It has the ability to record the maneuvers that can be extracted later through an analysis for later viewing. Nautis Simulator has all kinds of ships to carry out the practices, such as: Container Ships, Oil Tankers, Oil Tankers, Gas Carriers, Platforms, Ro Ro \u2013 Car Carrier, Ferries, General Cargo, Bulk Carriers, Cruise Ships, Naval Unit, Port Tugboats , Offshore Boats, Pilot Boats, Barges, etc.<\/p>\t\t\t\t\t\t\t\t<\/div>\n\t\t\t\t<\/div>\n\t\t\t\t<div class=\"elementor-element elementor-element-db1240c elementor-widget elementor-widget-heading\" data-id=\"db1240c\" data-element_type=\"widget\" data-widget_type=\"heading.default\">\n\t\t\t\t<div class=\"elementor-widget-container\">\n\t\t\t\t\t<h2 class=\"elementor-heading-title elementor-size-default\">Practice Ports<\/h2>\t\t\t\t<\/div>\n\t\t\t\t<\/div>\n\t\t\t\t<div class=\"elementor-element elementor-element-f89782b elementor-widget elementor-widget-text-editor\" data-id=\"f89782b\" data-element_type=\"widget\" data-widget_type=\"text-editor.default\">\n\t\t\t\t<div class=\"elementor-widget-container\">\n\t\t\t\t\t\t\t\t\t<ul><li>Port of CALLAO, Terminals of APM, DPW, Ex-Andesa, TCSA and Naval Base.<\/li><li>Terminal MONOBUOY PAMPILLA<\/li><li>Multibuoy Terminal in Pampilla, Oquendo and Conch\u00e1n.<\/li><li>English Channel, including port of Dover \u2013 UK, France<\/li><li>Strait of Gibraltar, including the port of Algeciras and Gibraltar \u2013 Spain and Gibraltar<\/li><li>Rotterdam-Europort-Netherlands<\/li><li>New York including Newark \u2013 USA<\/li><li>San Francisco \u2013 USA<\/li><li>Rio de Janeiro-Brazil<\/li><li>Hong Kong\u2013China<\/li><li>Singapore Strait \u2013 Singapore<\/li><li>Strait of Hormuz \u2013 UAE, Iran and Oman<\/li><li>Bosporus\u2013Turkey Strait<\/li><\/ul>\t\t\t\t\t\t\t\t<\/div>\n\t\t\t\t<\/div>\n\t\t\t\t<div class=\"elementor-element elementor-element-9955cff elementor-widget elementor-widget-heading\" data-id=\"9955cff\" data-element_type=\"widget\" data-widget_type=\"heading.default\">\n\t\t\t\t<div class=\"elementor-widget-container\">\n\t\t\t\t\t<h2 class=\"elementor-heading-title elementor-size-default\">Navigation Simulator Equipment<\/h2>\t\t\t\t<\/div>\n\t\t\t\t<\/div>\n\t\t\t\t<div class=\"elementor-element elementor-element-53b7d7f elementor-widget elementor-widget-text-editor\" data-id=\"53b7d7f\" data-element_type=\"widget\" data-widget_type=\"text-editor.default\">\n\t\t\t\t<div class=\"elementor-widget-container\">\n\t\t\t\t\t\t\t\t\t<ul><li>Electronic Charts (ECDIS) Electronic Chart Display and Information System<\/li><li>RADAR\/ARPA (Automatic Radar Plotting Aid) \u2013 Bands (XS)<\/li><li>AIS (Automatic Identification System)<\/li><li>GMDSS (Global Maritime Distress and Safety System)<\/li><li>SART (Search and Rescue Transmitter)<\/li><li>Equipment such as GPS, Gyrocompas, Echosounder, Log, Data Voyage Recorder (VDR), Navigation Lights, Servomotor Alarms, Fire Alarms, Anchor Winch Control, etc., Propulsion System Alarm Panel and Auxiliary Machines.<\/li><\/ul>\t\t\t\t\t\t\t\t<\/div>\n\t\t\t\t<\/div>\n\t\t\t\t<div class=\"elementor-element elementor-element-542ba74 elementor-align-center elementor-widget elementor-widget-button\" data-id=\"542ba74\" data-element_type=\"widget\" data-widget_type=\"button.default\">\n\t\t\t\t<div class=\"elementor-widget-container\">\n\t\t\t\t\t\t\t\t\t<div class=\"elementor-button-wrapper\">\n\t\t\t\t\t<a class=\"elementor-button elementor-button-link elementor-size-md elementor-animation-shrink\" href=\"https:\/\/cifmargroup.edu.pe\/en\/cursos\/simuladores\/\">\n\t\t\t\t\t\t<span class=\"elementor-button-content-wrapper\">\n\t\t\t\t\t\t<span class=\"elementor-button-icon\">\n\t\t\t\t<i aria-hidden=\"true\" class=\"fas fa-chevron-right\"><\/i>\t\t\t<\/span>\n\t\t\t\t\t\t\t\t\t<span class=\"elementor-button-text\">View courses<\/span>\n\t\t\t\t\t<\/span>\n\t\t\t\t\t<\/a>\n\t\t\t\t<\/div>\n\t\t\t\t\t\t\t\t<\/div>\n\t\t\t\t<\/div>\n\t\t\t\t<div class=\"elementor-element elementor-element-1ed5908 elementor-widget elementor-widget-spacer\" data-id=\"1ed5908\" data-element_type=\"widget\" data-widget_type=\"spacer.default\">\n\t\t\t\t<div class=\"elementor-widget-container\">\n\t\t\t\t\t\t\t<div class=\"elementor-spacer\">\n\t\t\t<div class=\"elementor-spacer-inner\"><\/div>\n\t\t<\/div>\n\t\t\t\t\t\t<\/div>\n\t\t\t\t<\/div>\n\t\t\t\t\t<\/div>\n\t\t<\/div>\n\t\t\t\t\t<\/div>\n\t\t<\/section>\n\t\t\t\t<\/div>","protected":false},"excerpt":{"rendered":"<p>SIMULADOR DE NAVEGACION El simulador de CIFMAR, consta de un puente real de navegaci\u00f3n completo, de elevada tecnolog\u00eda Holandesa, que incluye las consolas y controles que se encuentran en el puente de un buque moderno, incluido el sistema de gobierno (manual y autom\u00e1tico), los tel\u00e9grafos de m\u00e1quinas, propulsores transversales (Bowthruster \u2013 Sternthruster), y controles azimutales [&hellip;]<\/p>","protected":false},"author":10,"featured_media":0,"parent":0,"menu_order":0,"comment_status":"closed","ping_status":"closed","template":"","meta":{"footnotes":""},"class_list":["post-1824","page","type-page","status-publish","hentry"],"_links":{"self":[{"href":"https:\/\/cifmargroup.edu.pe\/en\/wp-json\/wp\/v2\/pages\/1824","targetHints":{"allow":["GET"]}}],"collection":[{"href":"https:\/\/cifmargroup.edu.pe\/en\/wp-json\/wp\/v2\/pages"}],"about":[{"href":"https:\/\/cifmargroup.edu.pe\/en\/wp-json\/wp\/v2\/types\/page"}],"author":[{"embeddable":true,"href":"https:\/\/cifmargroup.edu.pe\/en\/wp-json\/wp\/v2\/users\/10"}],"replies":[{"embeddable":true,"href":"https:\/\/cifmargroup.edu.pe\/en\/wp-json\/wp\/v2\/comments?post=1824"}],"version-history":[{"count":0,"href":"https:\/\/cifmargroup.edu.pe\/en\/wp-json\/wp\/v2\/pages\/1824\/revisions"}],"wp:attachment":[{"href":"https:\/\/cifmargroup.edu.pe\/en\/wp-json\/wp\/v2\/media?parent=1824"}],"curies":[{"name":"wp","href":"https:\/\/api.w.org\/{rel}","templated":true}]}}