{"id":1583,"date":"2022-06-06T14:23:01","date_gmt":"2022-06-06T19:23:01","guid":{"rendered":"https:\/\/cifmargroup.edu.pe\/?post_type=product&#038;p=1583"},"modified":"2025-06-09T11:44:34","modified_gmt":"2025-06-09T16:44:34","slug":"oficial-de-proteccion-del-buque","status":"publish","type":"product","link":"https:\/\/cifmargroup.edu.pe\/en\/producto\/oficial-de-proteccion-del-buque\/","title":{"rendered":"OMI 3.19 FORMACI\u00d3N DE OFICIAL DE PROTECCI\u00d3N DEL BUQUE (OPB)"},"content":{"rendered":"<p>Este curso est\u00e1 dirigido al personal de a bordo que pueda ser designado Oficial de Protecci\u00f3n del Buque (OPB), seg\u00fan lo definido en la Regla VI\/5 y la Secci\u00f3n A-VI\/5 del C\u00f3digo STCW, Tabla A-VI\/5 del STCW 78, enmendado en 2010, y seg\u00fan el Curso Modelo de la OMI 3.19 y 3.23 del C\u00f3digo PBIP. La formaci\u00f3n y las instrucciones se centran en proporcionar el conocimiento y la comprensi\u00f3n de las funciones y responsabilidades con respecto a la protecci\u00f3n de un buque, as\u00ed como en garantizar, implementar y mantener el Plan de Protecci\u00f3n del Buque, de conformidad con el C\u00f3digo PBIP y la Secci\u00f3n A-VI\/5 del C\u00f3digo STCW, enmendado.<\/p>","protected":false},"excerpt":{"rendered":"<p>Este curso est\u00e1 dirigido al personal de a bordo que pueda ser designado Oficial de Protecci\u00f3n del Buque (OPB), seg\u00fan lo definido en la Regla VI\/5 y la Secci\u00f3n A-VI\/5 del C\u00f3digo STCW, Tabla A-VI\/5 del STCW 78, enmendado en 2010, y seg\u00fan el Curso Modelo de la OMI 3.19 y 3.23 del C\u00f3digo PBIP. [&hellip;]<\/p>","protected":false},"featured_media":44865,"template":"","meta":[],"product_brand":[],"product_cat":[25,27],"product_tag":[],"tipo-de-curso":[52,53],"class_list":{"0":"post-1583","1":"product","2":"type-product","3":"status-publish","4":"has-post-thumbnail","6":"product_cat-cursos-omi","7":"product_cat-avanzado","8":"tipo-de-curso-nuevo","9":"tipo-de-curso-renovacion","11":"first","12":"instock","13":"taxable","14":"shipping-taxable","15":"product-type-simple"},"_links":{"self":[{"href":"https:\/\/cifmargroup.edu.pe\/en\/wp-json\/wp\/v2\/product\/1583","targetHints":{"allow":["GET"]}}],"collection":[{"href":"https:\/\/cifmargroup.edu.pe\/en\/wp-json\/wp\/v2\/product"}],"about":[{"href":"https:\/\/cifmargroup.edu.pe\/en\/wp-json\/wp\/v2\/types\/product"}],"version-history":[{"count":1,"href":"https:\/\/cifmargroup.edu.pe\/en\/wp-json\/wp\/v2\/product\/1583\/revisions"}],"predecessor-version":[{"id":43826,"href":"https:\/\/cifmargroup.edu.pe\/en\/wp-json\/wp\/v2\/product\/1583\/revisions\/43826"}],"wp:featuredmedia":[{"embeddable":true,"href":"https:\/\/cifmargroup.edu.pe\/en\/wp-json\/wp\/v2\/media\/44865"}],"wp:attachment":[{"href":"https:\/\/cifmargroup.edu.pe\/en\/wp-json\/wp\/v2\/media?parent=1583"}],"wp:term":[{"taxonomy":"product_brand","embeddable":true,"href":"https:\/\/cifmargroup.edu.pe\/en\/wp-json\/wp\/v2\/product_brand?post=1583"},{"taxonomy":"product_cat","embeddable":true,"href":"https:\/\/cifmargroup.edu.pe\/en\/wp-json\/wp\/v2\/product_cat?post=1583"},{"taxonomy":"product_tag","embeddable":true,"href":"https:\/\/cifmargroup.edu.pe\/en\/wp-json\/wp\/v2\/product_tag?post=1583"},{"taxonomy":"tipo-de-curso","embeddable":true,"href":"https:\/\/cifmargroup.edu.pe\/en\/wp-json\/wp\/v2\/tipo-de-curso?post=1583"}],"curies":[{"name":"wp","href":"https:\/\/api.w.org\/{rel}","templated":true}]}}