{"id":41448,"date":"2025-05-30T01:05:49","date_gmt":"2025-05-30T06:05:49","guid":{"rendered":"https:\/\/cifmargroup.edu.pe\/?post_type=product&#038;p=41448"},"modified":"2025-06-18T04:07:22","modified_gmt":"2025-06-18T09:07:22","slug":"omi-3-27-formacion-en-sensibilizacion-sobre-proteccion-para-toda-la-gente-de-mar","status":"publish","type":"product","link":"https:\/\/cifmargroup.edu.pe\/en\/producto\/omi-3-27-formacion-en-sensibilizacion-sobre-proteccion-para-toda-la-gente-de-mar\/","title":{"rendered":"OMI 3.27 FORMACI\u00d3N EN SENSIBILIZACI\u00d3N SOBRE PROTECCI\u00d3N PARA TODA LA GENTE DE MAR &#8211; TOMA DE CONCIENCIA"},"content":{"rendered":"","protected":false},"excerpt":{"rendered":"","protected":false},"featured_media":44872,"template":"","meta":[],"product_brand":[],"product_cat":[25,86,27],"product_tag":[],"tipo-de-curso":[],"class_list":{"0":"post-41448","1":"product","2":"type-product","3":"status-publish","4":"has-post-thumbnail","6":"product_cat-cursos-omi","7":"product_cat-cursos-para-crucero","8":"product_cat-avanzado","10":"first","11":"instock","12":"taxable","13":"shipping-taxable","14":"product-type-simple"},"_links":{"self":[{"href":"https:\/\/cifmargroup.edu.pe\/en\/wp-json\/wp\/v2\/product\/41448","targetHints":{"allow":["GET"]}}],"collection":[{"href":"https:\/\/cifmargroup.edu.pe\/en\/wp-json\/wp\/v2\/product"}],"about":[{"href":"https:\/\/cifmargroup.edu.pe\/en\/wp-json\/wp\/v2\/types\/product"}],"version-history":[{"count":2,"href":"https:\/\/cifmargroup.edu.pe\/en\/wp-json\/wp\/v2\/product\/41448\/revisions"}],"predecessor-version":[{"id":43834,"href":"https:\/\/cifmargroup.edu.pe\/en\/wp-json\/wp\/v2\/product\/41448\/revisions\/43834"}],"wp:featuredmedia":[{"embeddable":true,"href":"https:\/\/cifmargroup.edu.pe\/en\/wp-json\/wp\/v2\/media\/44872"}],"wp:attachment":[{"href":"https:\/\/cifmargroup.edu.pe\/en\/wp-json\/wp\/v2\/media?parent=41448"}],"wp:term":[{"taxonomy":"product_brand","embeddable":true,"href":"https:\/\/cifmargroup.edu.pe\/en\/wp-json\/wp\/v2\/product_brand?post=41448"},{"taxonomy":"product_cat","embeddable":true,"href":"https:\/\/cifmargroup.edu.pe\/en\/wp-json\/wp\/v2\/product_cat?post=41448"},{"taxonomy":"product_tag","embeddable":true,"href":"https:\/\/cifmargroup.edu.pe\/en\/wp-json\/wp\/v2\/product_tag?post=41448"},{"taxonomy":"tipo-de-curso","embeddable":true,"href":"https:\/\/cifmargroup.edu.pe\/en\/wp-json\/wp\/v2\/tipo-de-curso?post=41448"}],"curies":[{"name":"wp","href":"https:\/\/api.w.org\/{rel}","templated":true}]}}