{"id":43675,"date":"2025-05-28T19:42:06","date_gmt":"2025-05-29T00:42:06","guid":{"rendered":"https:\/\/cifmargroup.edu.pe\/?post_type=product&#038;p=43675"},"modified":"2025-06-09T12:58:28","modified_gmt":"2025-06-09T17:58:28","slug":"mam-024-familiarizacion-y-formacion-en-aspectos-de-seguridad-a-bordo-para-oficiales-de-maquinas-principales-de-potencia-menor-a-750-kw","status":"publish","type":"product","link":"https:\/\/cifmargroup.edu.pe\/en\/producto\/mam-024-familiarizacion-y-formacion-en-aspectos-de-seguridad-a-bordo-para-oficiales-de-maquinas-principales-de-potencia-menor-a-750-kw\/","title":{"rendered":"MAM -024 Familiarizaci\u00f3n y formaci\u00f3n en aspectos de seguridad a bordo para oficiales de m\u00e1quinas principales de potencia menor a 750 Kw."},"content":{"rendered":"","protected":false},"excerpt":{"rendered":"","protected":false},"featured_media":44901,"template":"","meta":[],"product_brand":[],"product_cat":[88,55],"product_tag":[],"tipo-de-curso":[],"class_list":{"0":"post-43675","1":"product","2":"type-product","3":"status-publish","4":"has-post-thumbnail","6":"product_cat-cursos-mam","7":"product_cat-mam-mercante","9":"first","10":"instock","11":"taxable","12":"shipping-taxable","13":"product-type-simple"},"_links":{"self":[{"href":"https:\/\/cifmargroup.edu.pe\/en\/wp-json\/wp\/v2\/product\/43675","targetHints":{"allow":["GET"]}}],"collection":[{"href":"https:\/\/cifmargroup.edu.pe\/en\/wp-json\/wp\/v2\/product"}],"about":[{"href":"https:\/\/cifmargroup.edu.pe\/en\/wp-json\/wp\/v2\/types\/product"}],"version-history":[{"count":1,"href":"https:\/\/cifmargroup.edu.pe\/en\/wp-json\/wp\/v2\/product\/43675\/revisions"}],"predecessor-version":[{"id":43676,"href":"https:\/\/cifmargroup.edu.pe\/en\/wp-json\/wp\/v2\/product\/43675\/revisions\/43676"}],"wp:featuredmedia":[{"embeddable":true,"href":"https:\/\/cifmargroup.edu.pe\/en\/wp-json\/wp\/v2\/media\/44901"}],"wp:attachment":[{"href":"https:\/\/cifmargroup.edu.pe\/en\/wp-json\/wp\/v2\/media?parent=43675"}],"wp:term":[{"taxonomy":"product_brand","embeddable":true,"href":"https:\/\/cifmargroup.edu.pe\/en\/wp-json\/wp\/v2\/product_brand?post=43675"},{"taxonomy":"product_cat","embeddable":true,"href":"https:\/\/cifmargroup.edu.pe\/en\/wp-json\/wp\/v2\/product_cat?post=43675"},{"taxonomy":"product_tag","embeddable":true,"href":"https:\/\/cifmargroup.edu.pe\/en\/wp-json\/wp\/v2\/product_tag?post=43675"},{"taxonomy":"tipo-de-curso","embeddable":true,"href":"https:\/\/cifmargroup.edu.pe\/en\/wp-json\/wp\/v2\/tipo-de-curso?post=43675"}],"curies":[{"name":"wp","href":"https:\/\/api.w.org\/{rel}","templated":true}]}}