{"id":492,"date":"2022-02-14T01:30:46","date_gmt":"2022-02-14T01:30:46","guid":{"rendered":"https:\/\/cifmargroup.edu.pe\/?post_type=product&#038;p=492"},"modified":"2025-06-06T08:01:44","modified_gmt":"2025-06-06T13:01:44","slug":"curso-omi-1-13-primeros-auxilios-basicos","status":"publish","type":"product","link":"https:\/\/cifmargroup.edu.pe\/en\/producto\/curso-omi-1-13-primeros-auxilios-basicos\/","title":{"rendered":"Course IMO 1.13 Basic First Aid"},"content":{"rendered":"<p dir=\"ltr\">A continuaci\u00f3n, se presentan los objetivos de aprendizaje que conllevan cada una de las unidades a desarrollar:<\/p>\n<ul>\n<li dir=\"ltr\" role=\"presentation\">En la unidad 1 aprenderemos los fundamentos de los primeros auxilios abarcando desde los conceptos generales, la conformaci\u00f3n de botiqu\u00edn, las medidas de bioseguridad, los lineamientos \u00e9ticos y para finalizar el transporte y traslado de un paciente.<\/li>\n<li dir=\"ltr\" role=\"presentation\">En la unidad 2 aprenderemos sobre los primeros auxilios en el caso de las emergencias respiratorias: asma, obstrucci\u00f3n de la v\u00eda a\u00e9rea por cuerpo extra\u00f1o.<\/li>\n<li dir=\"ltr\" role=\"presentation\">En la unidad 3 aprendemos sobre los primeros auxilios en el caso de emergencias cardiacas: infarto, s\u00edncope, etc.<\/li>\n<li dir=\"ltr\" role=\"presentation\">En la unidad 4 aprenderemos sobre los primeros auxilios en el caso de Heridas abiertas y cerradas en tejidos blandos.<\/li>\n<li dir=\"ltr\" role=\"presentation\">En la unidad 5 aprenderemos sobre los primeros auxilios en lesiones del sistema osteomuscular: esguinces, dislocaciones, fracturas, politraumatismos.<\/li>\n<li dir=\"ltr\" role=\"presentation\">En la unidad 6 aprenderemos sobre los primeros auxilios en accidentes con agentes que produzcan quemaduras, intoxicaciones, electrocuci\u00f3n.<\/li>\n<li dir=\"ltr\" role=\"presentation\">En la unidad 7 aprenderemos sobre los primeros auxilios en emergencias neurol\u00f3gicas: convulsiones, accidente isqu\u00e9mico cerebral, etc.<\/li>\n<\/ul>","protected":false},"excerpt":{"rendered":"<p>The purpose of the first aid course is for the student to know, understand and apply the basic principles of user care in the event of an accident or sudden illness.<\/p>","protected":false},"featured_media":499,"template":"","meta":[],"product_brand":[],"product_cat":[25,26],"product_tag":[],"tipo-de-curso":[],"class_list":{"0":"post-492","1":"product","2":"type-product","3":"status-publish","4":"has-post-thumbnail","6":"product_cat-cursos-omi","7":"product_cat-basico","9":"first","10":"instock","11":"virtual","12":"sold-individually","13":"taxable","14":"purchasable","15":"product-type-simple"},"_links":{"self":[{"href":"https:\/\/cifmargroup.edu.pe\/en\/wp-json\/wp\/v2\/product\/492","targetHints":{"allow":["GET"]}}],"collection":[{"href":"https:\/\/cifmargroup.edu.pe\/en\/wp-json\/wp\/v2\/product"}],"about":[{"href":"https:\/\/cifmargroup.edu.pe\/en\/wp-json\/wp\/v2\/types\/product"}],"version-history":[{"count":2,"href":"https:\/\/cifmargroup.edu.pe\/en\/wp-json\/wp\/v2\/product\/492\/revisions"}],"predecessor-version":[{"id":43800,"href":"https:\/\/cifmargroup.edu.pe\/en\/wp-json\/wp\/v2\/product\/492\/revisions\/43800"}],"wp:featuredmedia":[{"embeddable":true,"href":"https:\/\/cifmargroup.edu.pe\/en\/wp-json\/wp\/v2\/media\/499"}],"wp:attachment":[{"href":"https:\/\/cifmargroup.edu.pe\/en\/wp-json\/wp\/v2\/media?parent=492"}],"wp:term":[{"taxonomy":"product_brand","embeddable":true,"href":"https:\/\/cifmargroup.edu.pe\/en\/wp-json\/wp\/v2\/product_brand?post=492"},{"taxonomy":"product_cat","embeddable":true,"href":"https:\/\/cifmargroup.edu.pe\/en\/wp-json\/wp\/v2\/product_cat?post=492"},{"taxonomy":"product_tag","embeddable":true,"href":"https:\/\/cifmargroup.edu.pe\/en\/wp-json\/wp\/v2\/product_tag?post=492"},{"taxonomy":"tipo-de-curso","embeddable":true,"href":"https:\/\/cifmargroup.edu.pe\/en\/wp-json\/wp\/v2\/tipo-de-curso?post=492"}],"curies":[{"name":"wp","href":"https:\/\/api.w.org\/{rel}","templated":true}]}}