{"id":518,"date":"2022-02-14T00:23:35","date_gmt":"2022-02-14T00:23:35","guid":{"rendered":"https:\/\/cifmargroup.edu.pe\/?post_type=product&#038;p=518"},"modified":"2025-06-06T08:01:44","modified_gmt":"2025-06-06T13:01:44","slug":"curso-omi-1-01-formacion-basica-en-operaciones-de-carga-de-petroleros","status":"publish","type":"product","link":"https:\/\/cifmargroup.edu.pe\/en\/producto\/curso-omi-1-01-formacion-basica-en-operaciones-de-carga-de-petroleros\/","title":{"rendered":"IMO 1.01 Basic Training in Oil and Chemical Tanker Cargo Operations"},"content":{"rendered":"<p style=\"text-align: left;\">Este curso brinda capacitaci\u00f3n a los candidatos para que est\u00e9n debidamente calificados bajo la Secci\u00f3n A \u2013 V\/1-1 del c\u00f3digo STCW con funciones espec\u00edficas para la carga, descarga y cuidado en tr\u00e1nsito o manejo de cargas de petr\u00f3leo y productos qu\u00edmicos. Comprende un programa de formaci\u00f3n b\u00e1sica adecuado a sus funciones, incluida la formaci\u00f3n b\u00e1sica en seguridad de petroleros y quimiqueros, medidas de seguridad contra incendios, prevenci\u00f3n de la contaminaci\u00f3n, pr\u00e1cticas operativas y obligaciones en virtud de las leyes y reglamentos aplicables. El curso cubre los requisitos de competencia que figuran en la tabla de la Secci\u00f3n A-V\/1-1-1 del C\u00f3digo STCW adoptado por el Convenio internacional sobre normas de formaci\u00f3n, titulaci\u00f3n y guardia para la gente de mar, 1978, enmendado en 2010.<\/p>","protected":false},"excerpt":{"rendered":"<p>Durante el curso adquirir\u00e1 los siguientes conocimientos:<\/p>\n<ul>\n<li>Familiarizaci\u00f3n con los equipos, instrumentaci\u00f3n y controles utilizados para el manejo de carga en un buque tanque.<\/li>\n<li>Mayor conciencia de la necesidad de una planificaci\u00f3n adecuada, el uso de listas de verificaci\u00f3n y los plazos que intervienen en las distintas operaciones de manipulaci\u00f3n de carga.<\/li>\n<li>Mayor conciencia para aplicar procedimientos adecuados y seguros en todo momento al realizar las diversas operaciones a bordo de un petrolero o quimiquero.<\/li>\n<li>Adquisici\u00f3n de experiencia en la identificaci\u00f3n de problemas operativos y asistencia en su soluci\u00f3n.<\/li>\n<li>Mejora en la capacidad de promover la seguridad y proteger el medio ambiente marino.<\/li>\n<li>Mayor capacidad para asistir y coordinar acciones durante emergencias.<\/li>\n<\/ul>","protected":false},"featured_media":519,"template":"","meta":[],"product_brand":[],"product_cat":[25,26],"product_tag":[],"tipo-de-curso":[52,53],"class_list":{"0":"post-518","1":"product","2":"type-product","3":"status-publish","4":"has-post-thumbnail","6":"product_cat-cursos-omi","7":"product_cat-basico","8":"tipo-de-curso-nuevo","9":"tipo-de-curso-renovacion","11":"first","12":"instock","13":"virtual","14":"sold-individually","15":"taxable","16":"product-type-simple"},"_links":{"self":[{"href":"https:\/\/cifmargroup.edu.pe\/en\/wp-json\/wp\/v2\/product\/518","targetHints":{"allow":["GET"]}}],"collection":[{"href":"https:\/\/cifmargroup.edu.pe\/en\/wp-json\/wp\/v2\/product"}],"about":[{"href":"https:\/\/cifmargroup.edu.pe\/en\/wp-json\/wp\/v2\/types\/product"}],"version-history":[{"count":1,"href":"https:\/\/cifmargroup.edu.pe\/en\/wp-json\/wp\/v2\/product\/518\/revisions"}],"predecessor-version":[{"id":41896,"href":"https:\/\/cifmargroup.edu.pe\/en\/wp-json\/wp\/v2\/product\/518\/revisions\/41896"}],"wp:featuredmedia":[{"embeddable":true,"href":"https:\/\/cifmargroup.edu.pe\/en\/wp-json\/wp\/v2\/media\/519"}],"wp:attachment":[{"href":"https:\/\/cifmargroup.edu.pe\/en\/wp-json\/wp\/v2\/media?parent=518"}],"wp:term":[{"taxonomy":"product_brand","embeddable":true,"href":"https:\/\/cifmargroup.edu.pe\/en\/wp-json\/wp\/v2\/product_brand?post=518"},{"taxonomy":"product_cat","embeddable":true,"href":"https:\/\/cifmargroup.edu.pe\/en\/wp-json\/wp\/v2\/product_cat?post=518"},{"taxonomy":"product_tag","embeddable":true,"href":"https:\/\/cifmargroup.edu.pe\/en\/wp-json\/wp\/v2\/product_tag?post=518"},{"taxonomy":"tipo-de-curso","embeddable":true,"href":"https:\/\/cifmargroup.edu.pe\/en\/wp-json\/wp\/v2\/tipo-de-curso?post=518"}],"curies":[{"name":"wp","href":"https:\/\/api.w.org\/{rel}","templated":true}]}}