{"id":15,"date":"2022-02-12T14:53:09","date_gmt":"2022-02-12T14:53:09","guid":{"rendered":"https:\/\/cifmargroup.edu.pe\/?page_id=15"},"modified":"2022-02-12T18:48:21","modified_gmt":"2022-02-12T18:48:21","slug":"politica-de-datos-personales","status":"publish","type":"page","link":"https:\/\/cifmargroup.edu.pe\/pt\/politica-de-datos-personales\/","title":{"rendered":"Pol\u00edtica de dados pessoais"},"content":{"rendered":"<div data-elementor-type=\"wp-page\" data-elementor-id=\"15\" class=\"elementor elementor-15\" data-elementor-post-type=\"page\">\n\t\t\t\t\t\t<section class=\"elementor-section elementor-top-section elementor-element elementor-element-2b2781e elementor-section-boxed elementor-section-height-default elementor-section-height-default\" data-id=\"2b2781e\" data-element_type=\"section\" data-settings=\"{&quot;background_background&quot;:&quot;classic&quot;}\">\n\t\t\t\t\t\t<div class=\"elementor-container elementor-column-gap-default\">\n\t\t\t\t\t<div class=\"elementor-column elementor-col-100 elementor-top-column elementor-element elementor-element-dab2f3c\" data-id=\"dab2f3c\" data-element_type=\"column\" data-settings=\"{&quot;background_background&quot;:&quot;classic&quot;}\">\n\t\t\t<div class=\"elementor-widget-wrap elementor-element-populated\">\n\t\t\t\t\t\t<div class=\"elementor-element elementor-element-1b50694 elementor-widget elementor-widget-heading\" data-id=\"1b50694\" data-element_type=\"widget\" data-widget_type=\"heading.default\">\n\t\t\t\t<div class=\"elementor-widget-container\">\n\t\t\t\t\t<h1 class=\"elementor-heading-title elementor-size-default\">Pol\u00edtica de dados pessoais<\/h1>\t\t\t\t<\/div>\n\t\t\t\t<\/div>\n\t\t\t\t<div class=\"elementor-element elementor-element-9fd6ec5 elementor-widget elementor-widget-text-editor\" data-id=\"9fd6ec5\" data-element_type=\"widget\" data-widget_type=\"text-editor.default\">\n\t\t\t\t<div class=\"elementor-widget-container\">\n\t\t\t\t\t\t\t\t\t<p>Em conformidade com a Lei de Prote\u00e7\u00e3o de Dados Pessoais n\u00ba 29733, <strong>Grupo de Centro de Pesquisa e Treinamento Mar\u00edtimo SAC<\/strong> com RUC <strong>20602569790<\/strong>, (em diante <strong>Grupo Cifmar SAC<\/strong>), informa-o sobre a pol\u00edtica de privacidade e gest\u00e3o de dados pessoais, na qual procurar\u00e1 a todo o momento assegurar que o seu tratamento \u00e9 leg\u00edtimo, controlado e informado, de forma a garantir a sua privacidade.<\/p><p>Dicha pol\u00edtica es de aplicaci\u00f3n a toda la informaci\u00f3n ingresada a trav\u00e9s de NUESTRO sitio web https:\/\/cifmargroup.edu.pe\/ o formularios que sea de pertenencia del sitio web mencionados (en adelante se le denominar\u00e1 a todos en su conjunto, el \u201c Site web&quot;).<\/p><p>Atrav\u00e9s da utiliza\u00e7\u00e3o do Website, o utilizador concede o seu consentimento informado, pr\u00e9vio, livre, expresso e indefinido e autoriza expressamente <strong>Grupo Cifmar SAC<\/strong> recolher, registar, organizar, armazenar, preservar, processar, modificar, extrair, consultar, utilizar, bloquear, eliminar, comunicar por transfer\u00eancia ou difus\u00e3o ou qualquer outra forma de tratamento que facilite o acesso, correla\u00e7\u00e3o ou interliga\u00e7\u00e3o dos seus dados pessoais, bem como como a sua incorpora\u00e7\u00e3o em bases de dados geridas ou detidas por <strong>Grupo Cifmar SAC<\/strong>, e em geral para fazer uso e processar os dados pessoais que voc\u00ea fornece, bem como as informa\u00e7\u00f5es derivadas de seu uso e qualquer informa\u00e7\u00e3o p\u00fablica ou que possa ser coletada de fontes publicamente acess\u00edveis.<\/p><p>O utilizador do Website d\u00e1 o seu consentimento para transferir, a n\u00edvel nacional ou internacional, dados pessoais a terceiros, estejam ou n\u00e3o vinculados a <strong>Grupo Cifmar SAC<\/strong> para poder hospedar, armazenar, processar e executar as Informa\u00e7\u00f5es do Usu\u00e1rio. De acordo com a normativa vigente, entende-se que ao clicar na barra \u201cenviar\u201d, \u201ccontratar\u201d, \u201cassinar\u201d, \u201caceitar\u201d, \u201csolicitar\u201d e\/ou qualquer outra defini\u00e7\u00e3o semelhante, bem como somente com o ato de fornecendo-nos os seus dados ou navegando no Site, o titular dos dados manifestou o seu consentimento nos termos indicados acima.<\/p><p>O usu\u00e1rio entende que o consentimento e autoriza\u00e7\u00e3o acima mencionados s\u00e3o essenciais para <strong>Grupo Cifmar SAC<\/strong> pode fornecer o servi\u00e7o oferecido, portanto, caso voc\u00ea expresse sua recusa, <strong>Grupo Cifmar SAC<\/strong> Voc\u00ea pode exclu\u00ed-lo de seu banco de dados ou cancelar sua inscri\u00e7\u00e3o ou banco de dados, para n\u00e3o afetar o desenvolvimento normal de suas atividades.<\/p><p>Os dados registados no Website ser\u00e3o objeto de tratamento automatizado e incorporados nas nossas bases de dados onde <strong>Grupo Cifmar SAC<\/strong> ser\u00e1 propriet\u00e1rio e respons\u00e1vel. Todos os dados recolhidos ser\u00e3o utilizados por <strong>Grupo Cifmar SAC<\/strong> em atividades de assessoria, e-newsletters, promo\u00e7\u00e3o de servi\u00e7os e\/ou outras atividades promovidas por <strong>Grupo Cifmar SAC<\/strong>.<\/p><p>Da mesma forma, as Informa\u00e7\u00f5es do Usu\u00e1rio podem ser transferidas ou compartilhadas com empresas terceirizadas n\u00e3o relacionadas a <strong>Grupo Cifmar SAC<\/strong> a fim de <strong>Grupo Cifmar SAC<\/strong> pode entrar em contato e oferecer ao Usu\u00e1rio qualquer informa\u00e7\u00e3o sobre servi\u00e7os jur\u00eddicos.<\/p><p>Os usu\u00e1rios podem solicitar, retificar, cancelar e atualizar suas informa\u00e7\u00f5es, eles garantem e s\u00e3o respons\u00e1veis pela veracidade e autenticidade das informa\u00e7\u00f5es fornecidas.<\/p><ul><li>Se voc\u00ea deseja excluir sua conta, entre em contato conosco por e-mail em <strong>administracion@cifmargroup.edu.pe<\/strong>.<\/li><li>Se voc\u00ea tiver d\u00favidas ou perguntas adicionais, entre em contato com o seguinte e-mail <strong>administracion@cifmargroup.edu.pe<\/strong>.<\/li><\/ul>\t\t\t\t\t\t\t\t<\/div>\n\t\t\t\t<\/div>\n\t\t\t\t<div class=\"elementor-element elementor-element-82a3bce elementor-align-right elementor-mobile-align-right elementor-widget elementor-widget-button\" data-id=\"82a3bce\" data-element_type=\"widget\" data-widget_type=\"button.default\">\n\t\t\t\t<div class=\"elementor-widget-container\">\n\t\t\t\t\t\t\t\t\t<div class=\"elementor-button-wrapper\">\n\t\t\t\t\t<a class=\"elementor-button elementor-button-link elementor-size-md\" href=\"https:\/\/cifmargroup.edu.pe\/pt\">\n\t\t\t\t\t\t<span class=\"elementor-button-content-wrapper\">\n\t\t\t\t\t\t<span class=\"elementor-button-icon\">\n\t\t\t\t<i aria-hidden=\"true\" class=\"fas fa-arrow-left\"><\/i>\t\t\t<\/span>\n\t\t\t\t\t\t\t\t\t<span class=\"elementor-button-text\">P\u00e1gina inicial<\/span>\n\t\t\t\t\t<\/span>\n\t\t\t\t\t<\/a>\n\t\t\t\t<\/div>\n\t\t\t\t\t\t\t\t<\/div>\n\t\t\t\t<\/div>\n\t\t\t\t\t<\/div>\n\t\t<\/div>\n\t\t\t\t\t<\/div>\n\t\t<\/section>\n\t\t\t\t<\/div>","protected":false},"excerpt":{"rendered":"<p>En cumplimiento con la Ley de Protecci\u00f3n de Datos Personales N\u00b0 29733, con RUC , (en adelante ), hace de su conocimiento la pol\u00edtica de privacidad y manejo de datos personales, en la que en todo momento buscar\u00e1 que el tratamiento de los mismos sea leg\u00edtimo, controlado e informado, a efecto de garantizar la privacidad [&hellip;]<\/p>","protected":false},"author":10,"featured_media":0,"parent":0,"menu_order":0,"comment_status":"closed","ping_status":"closed","template":"elementor_header_footer","meta":{"footnotes":""},"class_list":["post-15","page","type-page","status-publish","hentry"],"_links":{"self":[{"href":"https:\/\/cifmargroup.edu.pe\/pt\/wp-json\/wp\/v2\/pages\/15","targetHints":{"allow":["GET"]}}],"collection":[{"href":"https:\/\/cifmargroup.edu.pe\/pt\/wp-json\/wp\/v2\/pages"}],"about":[{"href":"https:\/\/cifmargroup.edu.pe\/pt\/wp-json\/wp\/v2\/types\/page"}],"author":[{"embeddable":true,"href":"https:\/\/cifmargroup.edu.pe\/pt\/wp-json\/wp\/v2\/users\/10"}],"replies":[{"embeddable":true,"href":"https:\/\/cifmargroup.edu.pe\/pt\/wp-json\/wp\/v2\/comments?post=15"}],"version-history":[{"count":0,"href":"https:\/\/cifmargroup.edu.pe\/pt\/wp-json\/wp\/v2\/pages\/15\/revisions"}],"wp:attachment":[{"href":"https:\/\/cifmargroup.edu.pe\/pt\/wp-json\/wp\/v2\/media?parent=15"}],"curies":[{"name":"wp","href":"https:\/\/api.w.org\/{rel}","templated":true}]}}