{"id":1824,"date":"2022-06-07T19:36:57","date_gmt":"2022-06-08T00:36:57","guid":{"rendered":"https:\/\/cifmargroup.edu.pe\/?page_id=1824"},"modified":"2022-06-07T19:49:11","modified_gmt":"2022-06-08T00:49:11","slug":"simulador-de-navegacion","status":"publish","type":"page","link":"https:\/\/cifmargroup.edu.pe\/pt\/simulador-de-navegacion\/","title":{"rendered":"Simulador de navegaci\u00f3n"},"content":{"rendered":"<div data-elementor-type=\"wp-page\" data-elementor-id=\"1824\" class=\"elementor elementor-1824\" data-elementor-post-type=\"page\">\n\t\t\t\t\t\t<section class=\"elementor-section elementor-top-section elementor-element elementor-element-93eed2b elementor-section-boxed elementor-section-height-default elementor-section-height-default\" data-id=\"93eed2b\" data-element_type=\"section\" data-settings=\"{&quot;background_background&quot;:&quot;classic&quot;}\">\n\t\t\t\t\t\t\t<div class=\"elementor-background-overlay\"><\/div>\n\t\t\t\t\t\t\t<div class=\"elementor-container elementor-column-gap-default\">\n\t\t\t\t\t<div class=\"elementor-column elementor-col-100 elementor-top-column elementor-element elementor-element-5897653\" data-id=\"5897653\" data-element_type=\"column\" data-settings=\"{&quot;background_background&quot;:&quot;classic&quot;}\">\n\t\t\t<div class=\"elementor-widget-wrap elementor-element-populated\">\n\t\t\t\t\t\t<div class=\"elementor-element elementor-element-ae34027 elementor-widget elementor-widget-heading\" data-id=\"ae34027\" data-element_type=\"widget\" data-widget_type=\"heading.default\">\n\t\t\t\t<div class=\"elementor-widget-container\">\n\t\t\t\t\t<p class=\"elementor-heading-title elementor-size-default\">SIMULADOR DE NAVEGA\u00c7\u00c3O<\/p>\t\t\t\t<\/div>\n\t\t\t\t<\/div>\n\t\t\t\t<div class=\"elementor-element elementor-element-a5329bf elementor-widget elementor-widget-image\" data-id=\"a5329bf\" data-element_type=\"widget\" data-widget_type=\"image.default\">\n\t\t\t\t<div class=\"elementor-widget-container\">\n\t\t\t\t\t\t\t\t\t\t\t\t\t\t\t<img fetchpriority=\"high\" decoding=\"async\" width=\"1432\" height=\"778\" src=\"https:\/\/cifmargroup.edu.pe\/wp-content\/uploads\/2022\/06\/simuladore.jpg\" class=\"attachment-full size-full wp-image-1629\" alt=\"\" srcset=\"https:\/\/cifmargroup.edu.pe\/wp-content\/uploads\/2022\/06\/simuladore.jpg 1432w, https:\/\/cifmargroup.edu.pe\/wp-content\/uploads\/2022\/06\/simuladore-300x163.jpg 300w, https:\/\/cifmargroup.edu.pe\/wp-content\/uploads\/2022\/06\/simuladore-1024x556.jpg 1024w, https:\/\/cifmargroup.edu.pe\/wp-content\/uploads\/2022\/06\/simuladore-768x417.jpg 768w, https:\/\/cifmargroup.edu.pe\/wp-content\/uploads\/2022\/06\/simuladore-18x10.jpg 18w, https:\/\/cifmargroup.edu.pe\/wp-content\/uploads\/2022\/06\/simuladore-600x326.jpg 600w\" sizes=\"(max-width: 1432px) 100vw, 1432px\" \/>\t\t\t\t\t\t\t\t\t\t\t\t\t\t\t<\/div>\n\t\t\t\t<\/div>\n\t\t\t\t<div class=\"elementor-element elementor-element-12ed596 elementor-widget elementor-widget-text-editor\" data-id=\"12ed596\" data-element_type=\"widget\" data-widget_type=\"text-editor.default\">\n\t\t\t\t<div class=\"elementor-widget-container\">\n\t\t\t\t\t\t\t\t\t<p>O simulador CIFMAR consiste em uma ponte de navega\u00e7\u00e3o real completa, com alta tecnologia holandesa, que inclui os consoles e controles encontrados na ponte de comando de um navio moderno, incluindo o sistema de dire\u00e7\u00e3o (manual e autom\u00e1tico), os tel\u00e9grafos das m\u00e1quinas, propulsores transversais (Bowthruster \u2013 Sternthruster), e controles de azimute para rebocadores portu\u00e1rios e offshore; todos com sistemas de controle NFU, controle de \u00e2ncora para manobras de atraca\u00e7\u00e3o, repetidor girob\u00fassola, incluindo bin\u00f3culos para visualiza\u00e7\u00e3o de manobras de atraca\u00e7\u00e3o e desatraca\u00e7\u00e3o em cais.<\/p><p>O simulador NAUTIS CIFMAR \u00e9 certificado pela ag\u00eancia de classifica\u00e7\u00e3o norueguesa DNV-GL como &quot;Sistema de Simulador Integrado, Rebocador, Modo de Pesca, HSC&quot;, Full Mission Class &quot;A&quot;. O sistema simula manobras de navega\u00e7\u00e3o, atraca\u00e7\u00e3o\/desatraca\u00e7\u00e3o a cais, atraca\u00e7\u00e3o e desatraca\u00e7\u00e3o a MONOBOYA e Multib\u00f3ias, manobras navio a navio, navega\u00e7\u00e3o nos principais dispositivos de tr\u00e1fego do mundo, uso de cordas e rebocadores, todos os tipos de falhas e eventos, navega\u00e7\u00e3o em \u00e1guas restritas em diferentes condi\u00e7\u00f5es de visibilidade (dia e noite) com diferentes condi\u00e7\u00f5es clim\u00e1ticas.<\/p><p>Possui a capacidade de registrar as manobras que podem ser extra\u00eddas posteriormente atrav\u00e9s de uma an\u00e1lise para visualiza\u00e7\u00e3o posterior. O Nautis Simulator possui todos os tipos de navios para realizar as pr\u00e1ticas, tais como: Navios Cont\u00eaineres, Petroleiros, Petroleiros, Transportadores de G\u00e1s, Plataformas, Ro Ro \u2013 Car Carrier, Balsas, Carga Geral, Graneleiros, Navios de Cruzeiro, Unidade Naval, Rebocadores Portu\u00e1rios, Barcos Offshore, Barcos Pilotos, Barca\u00e7as, etc.<\/p>\t\t\t\t\t\t\t\t<\/div>\n\t\t\t\t<\/div>\n\t\t\t\t<div class=\"elementor-element elementor-element-db1240c elementor-widget elementor-widget-heading\" data-id=\"db1240c\" data-element_type=\"widget\" data-widget_type=\"heading.default\">\n\t\t\t\t<div class=\"elementor-widget-container\">\n\t\t\t\t\t<h2 class=\"elementor-heading-title elementor-size-default\">Portas de pr\u00e1tica<\/h2>\t\t\t\t<\/div>\n\t\t\t\t<\/div>\n\t\t\t\t<div class=\"elementor-element elementor-element-f89782b elementor-widget elementor-widget-text-editor\" data-id=\"f89782b\" data-element_type=\"widget\" data-widget_type=\"text-editor.default\">\n\t\t\t\t<div class=\"elementor-widget-container\">\n\t\t\t\t\t\t\t\t\t<ul><li>Porto de CALLAO, Terminais de APM, DPW, Ex-Andesa, TCSA e Base Naval.<\/li><li>Terminal MONOBOIA PAMPILA<\/li><li>Terminal Multib\u00f3ias em Pampilla, Oquendo e Conch\u00e1n.<\/li><li>Canal da Mancha, incluindo o porto de Dover \u2013 Reino Unido, Fran\u00e7a<\/li><li>Estreito de Gibraltar, incluindo o porto de Algeciras e Gibraltar \u2013 Espanha e Gibraltar<\/li><li>Rotterdam-Europort-Holanda<\/li><li>Nova York incluindo Newark \u2013 EUA<\/li><li>S\u00e3o Francisco \u2013 EUA<\/li><li>Rio de Janeiro, Brasil<\/li><li>Hong Kong\u2013China<\/li><li>Estreito de Cingapura \u2013 Cingapura<\/li><li>Estreito de Ormuz \u2013 Emirados \u00c1rabes Unidos, Ir\u00e3 e Om\u00e3<\/li><li>Estreito de B\u00f3sforo-Turquia<\/li><\/ul>\t\t\t\t\t\t\t\t<\/div>\n\t\t\t\t<\/div>\n\t\t\t\t<div class=\"elementor-element elementor-element-9955cff elementor-widget elementor-widget-heading\" data-id=\"9955cff\" data-element_type=\"widget\" data-widget_type=\"heading.default\">\n\t\t\t\t<div class=\"elementor-widget-container\">\n\t\t\t\t\t<h2 class=\"elementor-heading-title elementor-size-default\">Equipamento Simulador de Navega\u00e7\u00e3o<\/h2>\t\t\t\t<\/div>\n\t\t\t\t<\/div>\n\t\t\t\t<div class=\"elementor-element elementor-element-53b7d7f elementor-widget elementor-widget-text-editor\" data-id=\"53b7d7f\" data-element_type=\"widget\" data-widget_type=\"text-editor.default\">\n\t\t\t\t<div class=\"elementor-widget-container\">\n\t\t\t\t\t\t\t\t\t<ul><li>Cartas Eletr\u00f4nicas (ECDIS) Exibi\u00e7\u00e3o de Cartas Eletr\u00f4nicas e Sistema de Informa\u00e7\u00e3o<\/li><li>RADAR\/ARPA (Aux\u00edlio de plotagem de radar autom\u00e1tico) - Bandas (XS)<\/li><li>AIS (Sistema de Identifica\u00e7\u00e3o Autom\u00e1tica)<\/li><li>GMDSS (Sistema Global de Socorro e Seguran\u00e7a Mar\u00edtima)<\/li><li>SART (Transmissor de Busca e Salvamento)<\/li><li>Equipamentos como GPS, Gyrocompas, Ecossonda, Log, Data Voyage Recorder (VDR), Luzes de Navega\u00e7\u00e3o, Alarmes Servomotores, Alarmes de Inc\u00eandio, Controle de Guincho de Ancoragem, etc., Painel de Alarme do Sistema de Propuls\u00e3o e M\u00e1quinas Auxiliares.<\/li><\/ul>\t\t\t\t\t\t\t\t<\/div>\n\t\t\t\t<\/div>\n\t\t\t\t<div class=\"elementor-element elementor-element-542ba74 elementor-align-center elementor-widget elementor-widget-button\" data-id=\"542ba74\" data-element_type=\"widget\" data-widget_type=\"button.default\">\n\t\t\t\t<div class=\"elementor-widget-container\">\n\t\t\t\t\t\t\t\t\t<div class=\"elementor-button-wrapper\">\n\t\t\t\t\t<a class=\"elementor-button elementor-button-link elementor-size-md elementor-animation-shrink\" href=\"https:\/\/cifmargroup.edu.pe\/pt\/cursos\/simuladores\/\">\n\t\t\t\t\t\t<span class=\"elementor-button-content-wrapper\">\n\t\t\t\t\t\t<span class=\"elementor-button-icon\">\n\t\t\t\t<i aria-hidden=\"true\" class=\"fas fa-chevron-right\"><\/i>\t\t\t<\/span>\n\t\t\t\t\t\t\t\t\t<span class=\"elementor-button-text\">Ver cursos<\/span>\n\t\t\t\t\t<\/span>\n\t\t\t\t\t<\/a>\n\t\t\t\t<\/div>\n\t\t\t\t\t\t\t\t<\/div>\n\t\t\t\t<\/div>\n\t\t\t\t<div class=\"elementor-element elementor-element-1ed5908 elementor-widget elementor-widget-spacer\" data-id=\"1ed5908\" data-element_type=\"widget\" data-widget_type=\"spacer.default\">\n\t\t\t\t<div class=\"elementor-widget-container\">\n\t\t\t\t\t\t\t<div class=\"elementor-spacer\">\n\t\t\t<div class=\"elementor-spacer-inner\"><\/div>\n\t\t<\/div>\n\t\t\t\t\t\t<\/div>\n\t\t\t\t<\/div>\n\t\t\t\t\t<\/div>\n\t\t<\/div>\n\t\t\t\t\t<\/div>\n\t\t<\/section>\n\t\t\t\t<\/div>","protected":false},"excerpt":{"rendered":"<p>SIMULADOR DE NAVEGACION El simulador de CIFMAR, consta de un puente real de navegaci\u00f3n completo, de elevada tecnolog\u00eda Holandesa, que incluye las consolas y controles que se encuentran en el puente de un buque moderno, incluido el sistema de gobierno (manual y autom\u00e1tico), los tel\u00e9grafos de m\u00e1quinas, propulsores transversales (Bowthruster \u2013 Sternthruster), y controles azimutales [&hellip;]<\/p>","protected":false},"author":10,"featured_media":0,"parent":0,"menu_order":0,"comment_status":"closed","ping_status":"closed","template":"","meta":{"footnotes":""},"class_list":["post-1824","page","type-page","status-publish","hentry"],"_links":{"self":[{"href":"https:\/\/cifmargroup.edu.pe\/pt\/wp-json\/wp\/v2\/pages\/1824","targetHints":{"allow":["GET"]}}],"collection":[{"href":"https:\/\/cifmargroup.edu.pe\/pt\/wp-json\/wp\/v2\/pages"}],"about":[{"href":"https:\/\/cifmargroup.edu.pe\/pt\/wp-json\/wp\/v2\/types\/page"}],"author":[{"embeddable":true,"href":"https:\/\/cifmargroup.edu.pe\/pt\/wp-json\/wp\/v2\/users\/10"}],"replies":[{"embeddable":true,"href":"https:\/\/cifmargroup.edu.pe\/pt\/wp-json\/wp\/v2\/comments?post=1824"}],"version-history":[{"count":0,"href":"https:\/\/cifmargroup.edu.pe\/pt\/wp-json\/wp\/v2\/pages\/1824\/revisions"}],"wp:attachment":[{"href":"https:\/\/cifmargroup.edu.pe\/pt\/wp-json\/wp\/v2\/media?parent=1824"}],"curies":[{"name":"wp","href":"https:\/\/api.w.org\/{rel}","templated":true}]}}