{"id":1226,"date":"2025-06-09T12:07:19","date_gmt":"2025-06-09T17:07:19","guid":{"rendered":"https:\/\/cifmargroup.edu.pe\/?post_type=product&#038;p=1226"},"modified":"2025-06-09T12:07:19","modified_gmt":"2025-06-09T17:07:19","slug":"curso-omi-1-01-formacion-basica-en-operaciones-de-carga-de-petroleros-2","status":"publish","type":"product","link":"https:\/\/cifmargroup.edu.pe\/pt\/producto\/curso-omi-1-01-formacion-basica-en-operaciones-de-carga-de-petroleros-2\/","title":{"rendered":"Curso OMI 1.01 Treinamento B\u00e1sico em Opera\u00e7\u00f5es de Carga de Petroleiros"},"content":{"rendered":"","protected":false},"excerpt":{"rendered":"","protected":false},"featured_media":44880,"template":"","meta":[],"product_brand":[],"product_cat":[17,25],"product_tag":[],"tipo-de-curso":[],"class_list":{"0":"post-1226","1":"product","2":"type-product","3":"status-publish","4":"has-post-thumbnail","6":"product_cat-sin-categorizar","7":"product_cat-cursos-omi","9":"first","10":"instock","11":"taxable","12":"shipping-taxable","13":"product-type-simple"},"_links":{"self":[{"href":"https:\/\/cifmargroup.edu.pe\/pt\/wp-json\/wp\/v2\/product\/1226","targetHints":{"allow":["GET"]}}],"collection":[{"href":"https:\/\/cifmargroup.edu.pe\/pt\/wp-json\/wp\/v2\/product"}],"about":[{"href":"https:\/\/cifmargroup.edu.pe\/pt\/wp-json\/wp\/v2\/types\/product"}],"version-history":[{"count":1,"href":"https:\/\/cifmargroup.edu.pe\/pt\/wp-json\/wp\/v2\/product\/1226\/revisions"}],"predecessor-version":[{"id":44578,"href":"https:\/\/cifmargroup.edu.pe\/pt\/wp-json\/wp\/v2\/product\/1226\/revisions\/44578"}],"wp:featuredmedia":[{"embeddable":true,"href":"https:\/\/cifmargroup.edu.pe\/pt\/wp-json\/wp\/v2\/media\/44880"}],"wp:attachment":[{"href":"https:\/\/cifmargroup.edu.pe\/pt\/wp-json\/wp\/v2\/media?parent=1226"}],"wp:term":[{"taxonomy":"product_brand","embeddable":true,"href":"https:\/\/cifmargroup.edu.pe\/pt\/wp-json\/wp\/v2\/product_brand?post=1226"},{"taxonomy":"product_cat","embeddable":true,"href":"https:\/\/cifmargroup.edu.pe\/pt\/wp-json\/wp\/v2\/product_cat?post=1226"},{"taxonomy":"product_tag","embeddable":true,"href":"https:\/\/cifmargroup.edu.pe\/pt\/wp-json\/wp\/v2\/product_tag?post=1226"},{"taxonomy":"tipo-de-curso","embeddable":true,"href":"https:\/\/cifmargroup.edu.pe\/pt\/wp-json\/wp\/v2\/tipo-de-curso?post=1226"}],"curies":[{"name":"wp","href":"https:\/\/api.w.org\/{rel}","templated":true}]}}