{"id":43660,"date":"2025-05-28T19:30:50","date_gmt":"2025-05-29T00:30:50","guid":{"rendered":"https:\/\/cifmargroup.edu.pe\/?post_type=product&#038;p=43660"},"modified":"2025-06-10T23:27:54","modified_gmt":"2025-06-11T04:27:54","slug":"mam-014-convalidacion-de-titulo-del-personal-superior-en-situacion-de-retiro-de-la-marina-de-guerra-del-peru-en-la-categoria-de-capitan-de-buques-sin-limite-de-arqueo-bruto","status":"publish","type":"product","link":"https:\/\/cifmargroup.edu.pe\/pt\/producto\/mam-014-convalidacion-de-titulo-del-personal-superior-en-situacion-de-retiro-de-la-marina-de-guerra-del-peru-en-la-categoria-de-capitan-de-buques-sin-limite-de-arqueo-bruto\/","title":{"rendered":"MAM -014 Convalidaci\u00f3n de titulo del personal superior en situaci\u00f3n de retiro de la marina de guerra del Per\u00fa, en la categoria de capit\u00e1n de buques sin limite de arqueo bruto."},"content":{"rendered":"","protected":false},"excerpt":{"rendered":"","protected":false},"featured_media":45154,"template":"","meta":[],"product_brand":[],"product_cat":[88,55],"product_tag":[],"tipo-de-curso":[],"class_list":{"0":"post-43660","1":"product","2":"type-product","3":"status-publish","4":"has-post-thumbnail","6":"product_cat-cursos-mam","7":"product_cat-mam-mercante","9":"first","10":"instock","11":"taxable","12":"shipping-taxable","13":"product-type-simple"},"_links":{"self":[{"href":"https:\/\/cifmargroup.edu.pe\/pt\/wp-json\/wp\/v2\/product\/43660","targetHints":{"allow":["GET"]}}],"collection":[{"href":"https:\/\/cifmargroup.edu.pe\/pt\/wp-json\/wp\/v2\/product"}],"about":[{"href":"https:\/\/cifmargroup.edu.pe\/pt\/wp-json\/wp\/v2\/types\/product"}],"version-history":[{"count":1,"href":"https:\/\/cifmargroup.edu.pe\/pt\/wp-json\/wp\/v2\/product\/43660\/revisions"}],"predecessor-version":[{"id":43661,"href":"https:\/\/cifmargroup.edu.pe\/pt\/wp-json\/wp\/v2\/product\/43660\/revisions\/43661"}],"wp:featuredmedia":[{"embeddable":true,"href":"https:\/\/cifmargroup.edu.pe\/pt\/wp-json\/wp\/v2\/media\/45154"}],"wp:attachment":[{"href":"https:\/\/cifmargroup.edu.pe\/pt\/wp-json\/wp\/v2\/media?parent=43660"}],"wp:term":[{"taxonomy":"product_brand","embeddable":true,"href":"https:\/\/cifmargroup.edu.pe\/pt\/wp-json\/wp\/v2\/product_brand?post=43660"},{"taxonomy":"product_cat","embeddable":true,"href":"https:\/\/cifmargroup.edu.pe\/pt\/wp-json\/wp\/v2\/product_cat?post=43660"},{"taxonomy":"product_tag","embeddable":true,"href":"https:\/\/cifmargroup.edu.pe\/pt\/wp-json\/wp\/v2\/product_tag?post=43660"},{"taxonomy":"tipo-de-curso","embeddable":true,"href":"https:\/\/cifmargroup.edu.pe\/pt\/wp-json\/wp\/v2\/tipo-de-curso?post=43660"}],"curies":[{"name":"wp","href":"https:\/\/api.w.org\/{rel}","templated":true}]}}