{"id":492,"date":"2022-02-14T01:30:46","date_gmt":"2022-02-14T01:30:46","guid":{"rendered":"https:\/\/cifmargroup.edu.pe\/?post_type=product&#038;p=492"},"modified":"2025-06-06T08:01:44","modified_gmt":"2025-06-06T13:01:44","slug":"curso-omi-1-13-primeros-auxilios-basicos","status":"publish","type":"product","link":"https:\/\/cifmargroup.edu.pe\/pt\/producto\/curso-omi-1-13-primeros-auxilios-basicos\/","title":{"rendered":"Curso OMI 1.13 Primeiros Socorros B\u00e1sicos"},"content":{"rendered":"<p dir=\"ltr\">A seguir, s\u00e3o apresentados os objetivos de aprendizagem que envolvem cada uma das unidades a serem desenvolvidas:<\/p>\n<ul>\n<li dir=\"ltr\" role=\"presentation\">Na unidade 1 aprenderemos os fundamentos de primeiros socorros, que v\u00e3o desde conceitos gerais, a forma\u00e7\u00e3o de um kit de primeiros socorros, medidas de biosseguran\u00e7a, orienta\u00e7\u00f5es \u00e9ticas e para finalizar o transporte e transfer\u00eancia de um paciente.<\/li>\n<li dir=\"ltr\" role=\"presentation\">Na unidade 2 aprenderemos sobre primeiros socorros em caso de emerg\u00eancias respirat\u00f3rias: asma, obstru\u00e7\u00e3o das vias a\u00e9reas por corpo estranho.<\/li>\n<li dir=\"ltr\" role=\"presentation\">Na unidade 3 aprendemos sobre primeiros socorros em caso de emerg\u00eancias card\u00edacas: infarto, s\u00edncope, etc.<\/li>\n<li dir=\"ltr\" role=\"presentation\">Na unidade 4 aprenderemos sobre primeiros socorros no caso de feridas abertas e fechadas em tecidos moles.<\/li>\n<li dir=\"ltr\" role=\"presentation\">Na unidade 5, aprenderemos sobre primeiros socorros em les\u00f5es do sistema musculoesquel\u00e9tico: entorses, luxa\u00e7\u00f5es, fraturas, politraumatismos.<\/li>\n<li dir=\"ltr\" role=\"presentation\">Na unidade 6 aprenderemos sobre primeiros socorros em acidentes com agentes que causam queimaduras, envenenamento, eletrocuss\u00e3o.<\/li>\n<li dir=\"ltr\" role=\"presentation\">Na unidade 7 aprenderemos sobre primeiros socorros em emerg\u00eancias neurol\u00f3gicas: convuls\u00f5es, acidente vascular cerebral isqu\u00eamico, etc.<\/li>\n<\/ul>","protected":false},"excerpt":{"rendered":"<p>O curso de primeiros socorros tem como objetivo que o aluno conhe\u00e7a, compreenda e aplique os princ\u00edpios b\u00e1sicos de atendimento ao usu\u00e1rio em caso de acidente ou mal s\u00fabito.<\/p>","protected":false},"featured_media":499,"template":"","meta":[],"product_brand":[],"product_cat":[25,26],"product_tag":[],"tipo-de-curso":[],"class_list":{"0":"post-492","1":"product","2":"type-product","3":"status-publish","4":"has-post-thumbnail","6":"product_cat-cursos-omi","7":"product_cat-basico","9":"first","10":"instock","11":"virtual","12":"sold-individually","13":"taxable","14":"purchasable","15":"product-type-simple"},"_links":{"self":[{"href":"https:\/\/cifmargroup.edu.pe\/pt\/wp-json\/wp\/v2\/product\/492","targetHints":{"allow":["GET"]}}],"collection":[{"href":"https:\/\/cifmargroup.edu.pe\/pt\/wp-json\/wp\/v2\/product"}],"about":[{"href":"https:\/\/cifmargroup.edu.pe\/pt\/wp-json\/wp\/v2\/types\/product"}],"version-history":[{"count":2,"href":"https:\/\/cifmargroup.edu.pe\/pt\/wp-json\/wp\/v2\/product\/492\/revisions"}],"predecessor-version":[{"id":43800,"href":"https:\/\/cifmargroup.edu.pe\/pt\/wp-json\/wp\/v2\/product\/492\/revisions\/43800"}],"wp:featuredmedia":[{"embeddable":true,"href":"https:\/\/cifmargroup.edu.pe\/pt\/wp-json\/wp\/v2\/media\/499"}],"wp:attachment":[{"href":"https:\/\/cifmargroup.edu.pe\/pt\/wp-json\/wp\/v2\/media?parent=492"}],"wp:term":[{"taxonomy":"product_brand","embeddable":true,"href":"https:\/\/cifmargroup.edu.pe\/pt\/wp-json\/wp\/v2\/product_brand?post=492"},{"taxonomy":"product_cat","embeddable":true,"href":"https:\/\/cifmargroup.edu.pe\/pt\/wp-json\/wp\/v2\/product_cat?post=492"},{"taxonomy":"product_tag","embeddable":true,"href":"https:\/\/cifmargroup.edu.pe\/pt\/wp-json\/wp\/v2\/product_tag?post=492"},{"taxonomy":"tipo-de-curso","embeddable":true,"href":"https:\/\/cifmargroup.edu.pe\/pt\/wp-json\/wp\/v2\/tipo-de-curso?post=492"}],"curies":[{"name":"wp","href":"https:\/\/api.w.org\/{rel}","templated":true}]}}